{"id":96,"date":"2025-11-11T00:08:41","date_gmt":"2025-11-11T00:08:41","guid":{"rendered":"https:\/\/acciociclista.cat\/?page_id=96"},"modified":"2026-04-27T20:47:26","modified_gmt":"2026-04-27T20:47:26","slug":"about","status":"publish","type":"page","link":"https:\/\/acciociclista.cat\/?page_id=96","title":{"rendered":"About"},"content":{"rendered":"\t\t<div data-elementor-type=\"wp-page\" data-elementor-id=\"96\" class=\"elementor elementor-96\">\n\t\t\t\t<div class=\"elementor-element elementor-element-708ddf7 e-flex e-con-boxed e-con e-parent\" data-id=\"708ddf7\" data-element_type=\"container\" data-e-type=\"container\">\n\t\t\t\t\t<div class=\"e-con-inner\">\n\t\t\t\t<div class=\"elementor-element elementor-element-39ef5b2 elementor-widget elementor-widget-spacer\" data-id=\"39ef5b2\" data-element_type=\"widget\" data-e-type=\"widget\" data-widget_type=\"spacer.default\">\n\t\t\t\t\t\t\t<div class=\"elementor-spacer\">\n\t\t\t<div class=\"elementor-spacer-inner\"><\/div>\n\t\t<\/div>\n\t\t\t\t\t\t<\/div>\n\t\t\t\t\t<\/div>\n\t\t\t\t<\/div>\n\t\t<div class=\"elementor-element elementor-element-6fdda52 e-flex e-con-boxed e-con e-parent\" data-id=\"6fdda52\" data-element_type=\"container\" data-e-type=\"container\" data-settings=\"{&quot;background_background&quot;:&quot;classic&quot;}\">\n\t\t\t\t\t<div class=\"e-con-inner\">\n\t\t<div class=\"elementor-element elementor-element-476891a e-con-full e-flex e-con e-child\" data-id=\"476891a\" data-element_type=\"container\" data-e-type=\"container\">\n\t\t\t\t<div class=\"elementor-element elementor-element-a659b11 elementor-widget elementor-widget-heading\" data-id=\"a659b11\" data-element_type=\"widget\" data-e-type=\"widget\" data-widget_type=\"heading.default\">\n\t\t\t\t\t<h2 class=\"elementor-heading-title elementor-size-default\">Nosaltres<\/h2>\t\t\t\t<\/div>\n\t\t\t\t<div class=\"elementor-element elementor-element-765898b elementor-widget-divider--view-line_icon elementor-view-default elementor-widget-divider--element-align-center elementor-widget elementor-widget-divider\" data-id=\"765898b\" data-element_type=\"widget\" data-e-type=\"widget\" data-widget_type=\"divider.default\">\n\t\t\t\t\t\t\t<div class=\"elementor-divider\">\n\t\t\t<span class=\"elementor-divider-separator\">\n\t\t\t\t\t\t\t<div class=\"elementor-icon elementor-divider__element\">\n\t\t\t\t\t<svg aria-hidden=\"true\" class=\"e-font-icon-svg e-fas-star\" viewBox=\"0 0 576 512\" xmlns=\"http:\/\/www.w3.org\/2000\/svg\"><path d=\"M259.3 17.8L194 150.2 47.9 171.5c-26.2 3.8-36.7 36.1-17.7 54.6l105.7 103-25 145.5c-4.5 26.3 23.2 46 46.4 33.7L288 439.6l130.7 68.7c23.2 12.2 50.9-7.4 46.4-33.7l-25-145.5 105.7-103c19-18.5 8.5-50.8-17.7-54.6L382 150.2 316.7 17.8c-11.7-23.6-45.6-23.9-57.4 0z\"><\/path><\/svg><\/div>\n\t\t\t\t\t\t<\/span>\n\t\t<\/div>\n\t\t\t\t\t\t<\/div>\n\t\t\t\t<div class=\"elementor-element elementor-element-aa55ae0 elementor-widget__width-initial elementor-widget-mobile__width-inherit elementor-widget elementor-widget-text-editor\" data-id=\"aa55ae0\" data-element_type=\"widget\" data-e-type=\"widget\" data-widget_type=\"text-editor.default\">\n\t\t\t\t\t\t\t\t\t<p><strong>Acci\u00f3 Ciclista<\/strong>, s&#8217;erigeix en una associaci\u00f3 sense \u00e0nim de lucre en defensa del <strong>ciclisme<\/strong> <strong>catal\u00e0<\/strong>, <strong>popular<\/strong> i <strong>autogestiona<\/strong>t localitzada al <strong>Bergued\u00e0<\/strong>.<\/p><p>Propugnem un <strong>ciclisme popular<\/strong> fora de la l\u00f2gica del capital i la mercantilitzaci\u00f3 de l\u2019esport. La nostra proposta \u00e9s la construcci\u00f3 de l\u2019esport de base popular, posant al centre a les persones, per tal de combatre el classisme en el ciclisme actual.<\/p><p>Creiem fermament en l\u2019<strong>autogesti\u00f3<\/strong>, \u00e9s a dir, en la presa de decisions col\u00b7lectives a partir de la <strong>descentralitzaci\u00f3<\/strong> i l\u2019<strong>autonomia<\/strong>, per aconseguir satisfer les nostres necessitats a partir del treball propi, la creativitat i l\u2019esfor\u00e7; gestionant els recursos de forma democr\u00e0tica i per l\u2019<strong>inter\u00e8s com\u00fa<\/strong>.<\/p><p>Ens posicionem en la defensa dels <strong>drets pol\u00edtics<\/strong> del poble catal\u00e0 a determinar lliurement el seu estatus pol\u00edtic, aix\u00ed com al lliure exercici d\u2019<strong>emancipaci\u00f3 nacional<\/strong> enfront de l\u2019imperialisme ling\u00fc\u00edstic i cultural als que es veuen sotmesos els <strong>Pa\u00efsos Catalans<\/strong>.<\/p><p><strong>Per un ciclisme popular al Bergued\u00e0<\/strong>,<br \/><strong>Pedals<\/strong>, <strong>Autogesti\u00f3<\/strong> i <strong>Revoluci\u00f3<\/strong>!<\/p>\t\t\t\t\t\t\t\t<\/div>\n\t\t\t\t<\/div>\n\t\t<div class=\"elementor-element elementor-element-47b934d e-con-full e-flex e-con e-child\" data-id=\"47b934d\" data-element_type=\"container\" data-e-type=\"container\">\n\t\t\t\t<div class=\"elementor-element elementor-element-6d9b93d elementor-widget elementor-widget-image\" data-id=\"6d9b93d\" data-element_type=\"widget\" data-e-type=\"widget\" data-widget_type=\"image.default\">\n\t\t\t\t\t\t\t\t\t\t\t\t\t\t\t<img fetchpriority=\"high\" decoding=\"async\" width=\"514\" height=\"513\" src=\"https:\/\/acciociclista.cat\/wp-content\/uploads\/2025\/11\/LOGO-AC-MITJANA.webp\" class=\"attachment-medium_large size-medium_large wp-image-363\" alt=\"\" srcset=\"https:\/\/acciociclista.cat\/wp-content\/uploads\/2025\/11\/LOGO-AC-MITJANA.webp 514w, https:\/\/acciociclista.cat\/wp-content\/uploads\/2025\/11\/LOGO-AC-MITJANA-300x300.webp 300w, https:\/\/acciociclista.cat\/wp-content\/uploads\/2025\/11\/LOGO-AC-MITJANA-150x150.webp 150w\" sizes=\"(max-width: 514px) 100vw, 514px\" \/>\t\t\t\t\t\t\t\t\t\t\t\t\t\t\t<\/div>\n\t\t\t\t<\/div>\n\t\t\t\t\t<\/div>\n\t\t\t\t<\/div>\n\t\t<div class=\"elementor-element elementor-element-3d4520b e-flex e-con-boxed e-con e-parent\" data-id=\"3d4520b\" data-element_type=\"container\" data-e-type=\"container\">\n\t\t\t\t\t<div class=\"e-con-inner\">\n\t\t<div class=\"elementor-element elementor-element-45f0bc9 e-con-full e-flex e-con e-child\" data-id=\"45f0bc9\" data-element_type=\"container\" data-e-type=\"container\">\n\t\t\t\t<div class=\"elementor-element elementor-element-98f087c elementor-widget elementor-widget-spacer\" data-id=\"98f087c\" data-element_type=\"widget\" data-e-type=\"widget\" data-widget_type=\"spacer.default\">\n\t\t\t\t\t\t\t<div class=\"elementor-spacer\">\n\t\t\t<div class=\"elementor-spacer-inner\"><\/div>\n\t\t<\/div>\n\t\t\t\t\t\t<\/div>\n\t\t\t\t<div class=\"elementor-element elementor-element-77bf6b2 elementor-widget elementor-widget-image\" data-id=\"77bf6b2\" data-element_type=\"widget\" data-e-type=\"widget\" data-widget_type=\"image.default\">\n\t\t\t\t\t\t\t\t\t\t\t\t\t\t\t<img decoding=\"async\" width=\"300\" height=\"150\" src=\"https:\/\/acciociclista.cat\/wp-content\/uploads\/2026\/04\/DRETS-I-COMPROMISOS-WEB-AC-300x150.webp\" class=\"attachment-medium size-medium wp-image-734\" alt=\"\" srcset=\"https:\/\/acciociclista.cat\/wp-content\/uploads\/2026\/04\/DRETS-I-COMPROMISOS-WEB-AC-300x150.webp 300w, https:\/\/acciociclista.cat\/wp-content\/uploads\/2026\/04\/DRETS-I-COMPROMISOS-WEB-AC.webp 500w\" sizes=\"(max-width: 300px) 100vw, 300px\" \/>\t\t\t\t\t\t\t\t\t\t\t\t\t\t\t<\/div>\n\t\t\t\t<div class=\"elementor-element elementor-element-cdb50ca elementor-widget elementor-widget-text-editor\" data-id=\"cdb50ca\" data-element_type=\"widget\" data-e-type=\"widget\" data-widget_type=\"text-editor.default\">\n\t\t\t\t\t\t\t\t\t<p><span style=\"font-weight: 400;\">El m\u00e0xim <strong>\u00f2rgan de decisi\u00f3<\/strong> de l\u2019associaci\u00f3, \u00e9s l\u2019<\/span><strong><i>assemblea general<\/i><\/strong><span style=\"font-weight: 400;\">, on el conjunt de s\u00f2cies tenen el dret i <strong>comprom\u00eds<\/strong> d\u2019assistir i <strong>participar<\/strong>. <\/span><\/p><p><span style=\"font-weight: 400;\">Es realitzar\u00e0 un cop a l\u2019any per tal de decidir les <strong>accions<\/strong> i <strong>l\u00ednies estrat\u00e8giques<\/strong> que ha de dur a terme l\u2019associaci\u00f3 aix\u00ed com el seguiment i el compliment dels acords presos anteriorment.<\/span><\/p><p><span style=\"font-weight: 400;\">Per a participar-hi, el conjunt de s\u00f2cies hauran d\u2019estar al dia de la seva cotitzaci\u00f3 a l\u2019associaci\u00f3.<\/span><\/p><p><span style=\"font-weight: 400;\">Per tal de garantir el seguiment dels acords presos pel conjunt de s\u00f2cies a l&#8217;<\/span><i><span style=\"font-weight: 400;\">assemblea general,<\/span><\/i><span style=\"font-weight: 400;\">\u00a0es celebraran tres <\/span><i><span style=\"font-weight: 400;\">assemblees de gesti\u00f3<\/span><\/i><span style=\"font-weight: 400;\"> a l\u2019any (trimestral), on\u00a0 es <strong>dinamitzar\u00e0<\/strong> el conjunt d\u2019<strong>accions<\/strong> preses a les diferents comissions.<\/span><\/p><p><span style=\"font-weight: 400;\">Conjunt de <strong>grups de treball<\/strong> <strong>t\u00e8cnics<\/strong> que duen a terme els acords presos a l\u2019assemblea general, dinamitzats a partir d\u2019una responsable per comissi\u00f3.<\/span><\/p>\t\t\t\t\t\t\t\t<\/div>\n\t\t\t\t<\/div>\n\t\t<div class=\"elementor-element elementor-element-d114295 e-con-full e-flex e-con e-child\" data-id=\"d114295\" data-element_type=\"container\" data-e-type=\"container\">\n\t\t\t\t<div class=\"elementor-element elementor-element-4c1edf0 elementor-widget elementor-widget-spacer\" data-id=\"4c1edf0\" data-element_type=\"widget\" data-e-type=\"widget\" data-widget_type=\"spacer.default\">\n\t\t\t\t\t\t\t<div class=\"elementor-spacer\">\n\t\t\t<div class=\"elementor-spacer-inner\"><\/div>\n\t\t<\/div>\n\t\t\t\t\t\t<\/div>\n\t\t\t\t<div class=\"elementor-element elementor-element-dea505c elementor-widget elementor-widget-heading\" data-id=\"dea505c\" data-element_type=\"widget\" data-e-type=\"widget\" data-widget_type=\"heading.default\">\n\t\t\t\t\t<h2 class=\"elementor-heading-title elementor-size-default\">QUOTES I PRESTACIONS<\/h2>\t\t\t\t<\/div>\n\t\t\t\t<div class=\"elementor-element elementor-element-cffdd72 elementor-widget elementor-widget-text-editor\" data-id=\"cffdd72\" data-element_type=\"widget\" data-e-type=\"widget\" data-widget_type=\"text-editor.default\">\n\t\t\t\t\t\t\t\t\t<p><span style=\"font-weight: 400;\">Per tal de mantenir la <strong>independ\u00e8ncia econ\u00f2mica<\/strong> de l\u2019associaci\u00f3, <strong>Acci\u00f3 Ciclista<\/strong> es dota del conjunt de <strong>quotes<\/strong> de les seves associades, a m\u00e9s d\u2019oferir una serie de prestacions a aquestes.<\/span><\/p><p><span style=\"font-weight: 400;\">A continuaci\u00f3 detallem els diferents formats existents.<\/span><\/p><p><span style=\"font-weight: 400;\">Prestacions:<\/span><\/p><ul><li style=\"font-weight: 400;\" aria-level=\"1\"><strong>Assessorament i suport t\u00e8cnic en activitats relacionades amb la bicicleta.<\/strong><\/li><li style=\"font-weight: 400;\" aria-level=\"1\"><strong>Descomptes en marxandatge de l\u2019associaci\u00f3.<\/strong><\/li><li style=\"font-weight: 400;\" aria-level=\"1\"><strong>Participaci\u00f3 en sortides i activitats organitzades per l\u2019associaci\u00f3.<\/strong><\/li><li style=\"font-weight: 400;\" aria-level=\"1\"><strong>Utilitzaci\u00f3 gratu\u00efta dels recursos del Taller Popular: <em>El Combat<\/em>.<\/strong><\/li><\/ul><p><span style=\"font-weight: 400;\"><br \/><\/span><strong>Quota B\u00e0sica: 60\u202f\u20ac\/any &#8211; 5\u202f\u20ac\/mes<\/strong><\/p><p><strong>Quota Redu\u00efda: 36\u202f\u20ac\/any &#8211; 3\u202f\u20ac\/mes<\/strong><\/p><p><em><span style=\"font-weight: 400;\">* La quota redu\u00efda est\u00e0 destinada a persones en situaci\u00f3 de precarietat econ\u00f2mica, per sol\u00b7licitar-la caldr\u00e0 acreditar-ho.\u00a0<\/span><\/em><\/p><p><strong>Ning\u00fa \u00e9s indispensable, per\u00f2 totes som necess\u00e0ries.<\/strong><\/p>\t\t\t\t\t\t\t\t<\/div>\n\t\t\t\t<\/div>\n\t\t\t\t\t<\/div>\n\t\t\t\t<\/div>\n\t\t\t\t<\/div>\n\t\t","protected":false},"excerpt":{"rendered":"<p>Nosaltres Acci\u00f3 Ciclista, s&#8217;erigeix en una associaci\u00f3 sense \u00e0nim de lucre en defensa del ciclisme catal\u00e0, popular i autogestionat localitzada al Bergued\u00e0. Propugnem un ciclisme popular fora de la l\u00f2gica del capital i la mercantilitzaci\u00f3 de l\u2019esport. La nostra proposta \u00e9s la construcci\u00f3 de l\u2019esport de base popular, posant al centre a les persones, per&hellip;&nbsp;<\/p>\n","protected":false},"author":2,"featured_media":0,"parent":0,"menu_order":0,"comment_status":"closed","ping_status":"closed","template":"page-templates\/template-pagebuilder-full-width.php","meta":{"neve_meta_sidebar":"","neve_meta_container":"","neve_meta_enable_content_width":"","neve_meta_content_width":0,"neve_meta_title_alignment":"","neve_meta_author_avatar":"","neve_post_elements_order":"","neve_meta_disable_header":"","neve_meta_disable_footer":"","neve_meta_disable_title":"","footnotes":""},"class_list":["post-96","page","type-page","status-publish","hentry"],"_links":{"self":[{"href":"https:\/\/acciociclista.cat\/index.php?rest_route=\/wp\/v2\/pages\/96","targetHints":{"allow":["GET"]}}],"collection":[{"href":"https:\/\/acciociclista.cat\/index.php?rest_route=\/wp\/v2\/pages"}],"about":[{"href":"https:\/\/acciociclista.cat\/index.php?rest_route=\/wp\/v2\/types\/page"}],"author":[{"embeddable":true,"href":"https:\/\/acciociclista.cat\/index.php?rest_route=\/wp\/v2\/users\/2"}],"replies":[{"embeddable":true,"href":"https:\/\/acciociclista.cat\/index.php?rest_route=%2Fwp%2Fv2%2Fcomments&post=96"}],"version-history":[{"count":54,"href":"https:\/\/acciociclista.cat\/index.php?rest_route=\/wp\/v2\/pages\/96\/revisions"}],"predecessor-version":[{"id":738,"href":"https:\/\/acciociclista.cat\/index.php?rest_route=\/wp\/v2\/pages\/96\/revisions\/738"}],"wp:attachment":[{"href":"https:\/\/acciociclista.cat\/index.php?rest_route=%2Fwp%2Fv2%2Fmedia&parent=96"}],"curies":[{"name":"wp","href":"https:\/\/api.w.org\/{rel}","templated":true}]}}